{"id":652,"date":"2019-08-08T00:26:34","date_gmt":"2019-08-07T22:26:34","guid":{"rendered":"https:\/\/royalsclassy.com\/?page_id=652"},"modified":"2026-04-13T10:50:34","modified_gmt":"2026-04-13T08:50:34","slug":"home","status":"publish","type":"page","link":"https:\/\/royalsclassy.com\/de\/","title":{"rendered":"Mietwagen Sardinien"},"content":{"rendered":"\n<p>Entdecken Sie Sardinien aus einer wundersch\u00f6nen und zugleich ungew\u00f6hnlichen Perspektive. Erleben Sie eine einzigartige Fahrt und entdecken Sie die Sch\u00f6nheit der Insel. Entdecken Sie Geheimnisse, sammeln Sie Momente und erleben Sie selbstbewusste Fahrten.<\/p>\n\n\n\n<p>Wir vermieten klassische, au\u00dfergew\u00f6hnliche Fahrzeuge. Wir schenken Ihnen pure Fahrfreude, w\u00e4hrend Sie alle Ecken der Insel erkunden.<\/p>\n\n\n\n<p><\/p>\n","protected":false},"excerpt":{"rendered":"<p>Entdecken Sie Sardinien aus einer wundersch\u00f6nen und zugleich ungew\u00f6hnlichen Perspektive. Erleben Sie eine einzigartige Fahrt und entdecken Sie die Sch\u00f6nheit der Insel. Entdecken Sie Geheimnisse, sammeln Sie Momente und erleben Sie selbstbewusste Fahrten. Wir vermieten klassische, au\u00dfergew\u00f6hnliche Fahrzeuge. Wir schenken Ihnen pure Fahrfreude, w\u00e4hrend Sie alle Ecken der Insel erkunden.<\/p>\n","protected":false},"author":2,"featured_media":0,"parent":0,"menu_order":0,"comment_status":"closed","ping_status":"open","template":"","meta":{"_acf_changed":false,"inline_featured_image":false,"footnotes":""},"class_list":["post-652","page","type-page","status-publish","hentry"],"acf":[],"_links":{"self":[{"href":"https:\/\/royalsclassy.com\/de\/wp-json\/wp\/v2\/pages\/652","targetHints":{"allow":["GET"]}}],"collection":[{"href":"https:\/\/royalsclassy.com\/de\/wp-json\/wp\/v2\/pages"}],"about":[{"href":"https:\/\/royalsclassy.com\/de\/wp-json\/wp\/v2\/types\/page"}],"author":[{"embeddable":true,"href":"https:\/\/royalsclassy.com\/de\/wp-json\/wp\/v2\/users\/2"}],"replies":[{"embeddable":true,"href":"https:\/\/royalsclassy.com\/de\/wp-json\/wp\/v2\/comments?post=652"}],"version-history":[{"count":7,"href":"https:\/\/royalsclassy.com\/de\/wp-json\/wp\/v2\/pages\/652\/revisions"}],"predecessor-version":[{"id":1043,"href":"https:\/\/royalsclassy.com\/de\/wp-json\/wp\/v2\/pages\/652\/revisions\/1043"}],"wp:attachment":[{"href":"https:\/\/royalsclassy.com\/de\/wp-json\/wp\/v2\/media?parent=652"}],"curies":[{"name":"wp","href":"https:\/\/api.w.org\/{rel}","templated":true}]}}